{"id":330,"date":"2016-11-07T10:03:59","date_gmt":"2016-11-07T09:03:59","guid":{"rendered":"http:\/\/dikoweb.de\/blog\/?page_id=2"},"modified":"2025-01-22T21:31:43","modified_gmt":"2025-01-22T21:31:43","slug":"beispiel-seite","status":"publish","type":"page","link":"https:\/\/dikoweb.de\/?page_id=330","title":{"rendered":"Alles was mich interessiert.."},"content":{"rendered":"<p>..muss Euch nat\u00fcrlich nicht interessieren. Aber vielleicht findet Ihr doch etwas, welches neugierig macht. Vorwiegend findet ihr hier Fundstellen und -st\u00fccke, Zitate, Gedanken aus und zu B\u00fcchern, Zeitschriften- oder Webartikeln.<\/p>\n<p>Sie stammen aus\u00a0 verschiedensten Bereichen und Quellen, die mir beim St\u00f6bern aufgefallen sind und bei denen ich h\u00e4ngen geblieben bin. Vielleicht sind sie auch f\u00fcr Euch interessant, machen aufmerksam oder neugierig, regen zum Nachdenken oder Nachlesen an.<\/p>\n<p>Ich hoffe keine Quellenangabe vergessen zu haben, sonst bitte ich um einen entsprechenden Hinweis.<\/p>\n<p>Ach ja &#8211;\u00a0 auf Beitr\u00e4ge zur Musik werdet ihr nat\u00fcrlich auch sto\u00dfen.<\/p>\n\n\n<p class=\"wp-block-paragraph\"><\/p>\n","protected":false},"excerpt":{"rendered":"<p>..muss Euch nat\u00fcrlich nicht interessieren. Aber vielleicht findet Ihr doch etwas, welches neugierig macht. Vorwiegend findet ihr hier Fundstellen und -st\u00fccke, Zitate, Gedanken aus und zu B\u00fcchern, Zeitschriften- oder Webartikeln. Sie stammen aus\u00a0 verschiedensten Bereichen und Quellen, die mir beim St\u00f6bern aufgefallen sind und bei denen ich h\u00e4ngen geblieben bin. Vielleicht sind sie auch f\u00fcr [&hellip;]<\/p>\n","protected":false},"author":2,"featured_media":0,"parent":0,"menu_order":0,"comment_status":"closed","ping_status":"closed","template":"","meta":{"_crdt_document":"","footnotes":""},"class_list":["post-330","page","type-page","status-publish","hentry"],"_links":{"self":[{"href":"https:\/\/dikoweb.de\/index.php?rest_route=\/wp\/v2\/pages\/330","targetHints":{"allow":["GET"]}}],"collection":[{"href":"https:\/\/dikoweb.de\/index.php?rest_route=\/wp\/v2\/pages"}],"about":[{"href":"https:\/\/dikoweb.de\/index.php?rest_route=\/wp\/v2\/types\/page"}],"author":[{"embeddable":true,"href":"https:\/\/dikoweb.de\/index.php?rest_route=\/wp\/v2\/users\/2"}],"replies":[{"embeddable":true,"href":"https:\/\/dikoweb.de\/index.php?rest_route=%2Fwp%2Fv2%2Fcomments&post=330"}],"version-history":[{"count":13,"href":"https:\/\/dikoweb.de\/index.php?rest_route=\/wp\/v2\/pages\/330\/revisions"}],"predecessor-version":[{"id":4423,"href":"https:\/\/dikoweb.de\/index.php?rest_route=\/wp\/v2\/pages\/330\/revisions\/4423"}],"wp:attachment":[{"href":"https:\/\/dikoweb.de\/index.php?rest_route=%2Fwp%2Fv2%2Fmedia&parent=330"}],"curies":[{"name":"wp","href":"https:\/\/api.w.org\/{rel}","templated":true}]}}